{"id":187,"date":"2018-03-25T19:51:21","date_gmt":"2018-03-25T17:51:21","guid":{"rendered":"https:\/\/svatba.akcelulu.cz\/?page_id=187"},"modified":"2018-03-25T20:12:39","modified_gmt":"2018-03-25T18:12:39","slug":"obrad","status":"publish","type":"page","link":"http:\/\/svatba.akcelulu.cz\/?page_id=187","title":{"rendered":"Ob\u0159ad"},"content":{"rendered":"<h1 style=\"text-align: center;\">P\u00e1r z\u00e1kladn\u00edch informac\u00ed<\/h1>\n<p style=\"text-align: center;\"><strong>Dress code mu\u017ee:<\/strong><br \/>\nSpole\u010densk\u00fd oblek, barevn\u00e1 kravata, ko\u0161ile.<\/p>\n<p style=\"text-align: center;\"><strong>Dress code \u017eeny:<\/strong><br \/>\nBarevn\u00e9 \u0161aty nebo kalhoty a barevn\u00fd vr\u0161ek.<\/p>\n<p style=\"text-align: center;\"><strong>M\u00edsto:<\/strong><br \/>\nGalerie st\u0159edo\u010desk\u00e9ho kraje v Kutn\u00e9 Ho\u0159e, v prostor\u00e1ch Refekt\u00e1\u0159e \u00a0 \u00a0 \u00a0 \u00a0 \u00a0<a href=\"http:\/\/www.gask.cz\" target=\"_blank\" rel=\"noopener\">GASK<\/a><br \/>\n<iframe loading=\"lazy\" style=\"border: none;\" src=\"https:\/\/api.mapy.cz\/frame?params=%7B%22x%22%3A15.263241964338278%2C%22y%22%3A49.94638089557418%2C%22base%22%3A%223%22%2C%22layers%22%3A%5B4%5D%2C%22zoom%22%3A16%2C%22url%22%3A%22https%3A%2F%2Fmapy.cz%2Fs%2F2uImv%22%2C%22mark%22%3A%7B%22x%22%3A%2215.2642719326%22%2C%22y%22%3A%2249.9467399049%22%2C%22title%22%3A%22Galerie%20St%C5%99edo%C4%8Desk%C3%A9ho%20kraje%22%7D%2C%22overview%22%3Atrue%7D&amp;width=500&amp;height=333&amp;lang=cs\" width=\"500\" height=\"333\" frameborder=\"0\"><\/iframe><br \/>\n<strong>Datum a \u010das ob\u0159adu:<\/strong><br \/>\n11.8. 2018<br \/>\n13:00<\/p>\n","protected":false},"excerpt":{"rendered":"<p>P\u00e1r z\u00e1kladn\u00edch informac\u00ed Dress code mu\u017ee: Spole\u010densk\u00fd oblek, barevn\u00e1 kravata, ko\u0161ile. Dress code \u017eeny: Barevn\u00e9 \u0161aty nebo kalhoty a barevn\u00fd vr\u0161ek. M\u00edsto: Galerie st\u0159edo\u010desk\u00e9ho kraje v Kutn\u00e9 Ho\u0159e, v prostor\u00e1ch Refekt\u00e1\u0159e \u00a0 \u00a0 \u00a0 \u00a0 \u00a0GASK Datum a \u010das ob\u0159adu: 11.8. 2018 13:00<\/p>\n","protected":false},"author":1,"featured_media":0,"parent":0,"menu_order":0,"comment_status":"closed","ping_status":"closed","template":"","meta":{"spay_email":""},"_links":{"self":[{"href":"http:\/\/svatba.akcelulu.cz\/index.php?rest_route=\/wp\/v2\/pages\/187"}],"collection":[{"href":"http:\/\/svatba.akcelulu.cz\/index.php?rest_route=\/wp\/v2\/pages"}],"about":[{"href":"http:\/\/svatba.akcelulu.cz\/index.php?rest_route=\/wp\/v2\/types\/page"}],"author":[{"embeddable":true,"href":"http:\/\/svatba.akcelulu.cz\/index.php?rest_route=\/wp\/v2\/users\/1"}],"replies":[{"embeddable":true,"href":"http:\/\/svatba.akcelulu.cz\/index.php?rest_route=%2Fwp%2Fv2%2Fcomments&post=187"}],"version-history":[{"count":12,"href":"http:\/\/svatba.akcelulu.cz\/index.php?rest_route=\/wp\/v2\/pages\/187\/revisions"}],"predecessor-version":[{"id":200,"href":"http:\/\/svatba.akcelulu.cz\/index.php?rest_route=\/wp\/v2\/pages\/187\/revisions\/200"}],"wp:attachment":[{"href":"http:\/\/svatba.akcelulu.cz\/index.php?rest_route=%2Fwp%2Fv2%2Fmedia&parent=187"}],"curies":[{"name":"wp","href":"https:\/\/api.w.org\/{rel}","templated":true}]}}